{"id":11,"date":"2014-09-22T14:20:28","date_gmt":"2014-09-22T13:20:28","guid":{"rendered":"http:\/\/www.forst-gschwandtner.at\/wordpress\/?page_id=11"},"modified":"2018-02-05T12:00:40","modified_gmt":"2018-02-05T11:00:40","slug":"kontakt","status":"publish","type":"page","link":"http:\/\/www.forst-gschwandtner.at\/?page_id=11","title":{"rendered":"Kontakt"},"content":{"rendered":"<div align=\"center\"><a href=\"http:\/\/www.forst-gschwandtner.at\/wordpress\/wp-content\/uploads\/2016\/09\/Logo_Beratung.png\"><img decoding=\"async\" loading=\"lazy\" class=\"alignnone size-medium wp-image-297\" src=\"http:\/\/www.forst-gschwandtner.at\/wordpress\/wp-content\/uploads\/2016\/09\/Logo_Beratung-300x247.png\" alt=\"logo_beratung\" width=\"300\" height=\"247\" srcset=\"http:\/\/www.forst-gschwandtner.at\/wordpress\/wp-content\/uploads\/2016\/09\/Logo_Beratung-300x247.png 300w, http:\/\/www.forst-gschwandtner.at\/wordpress\/wp-content\/uploads\/2016\/09\/Logo_Beratung-1024x844.png 1024w, http:\/\/www.forst-gschwandtner.at\/wordpress\/wp-content\/uploads\/2016\/09\/Logo_Beratung.png 1500w\" sizes=\"(max-width: 300px) 100vw, 300px\" \/><\/a><\/div>\n<div align=\"center\"><\/div>\n<div align=\"center\">\n<div style=\"text-align: center;\" align=\"center\"><\/div>\n<div style=\"text-align: center;\" align=\"center\"><span class=\"text-class-3\"><br \/>\nGratis f\u00fcr Sie und Ihr \u201eAnliegen\u201c<\/span><\/div>\n<div style=\"text-align: center;\" align=\"center\"><span class=\"text-class-3\">sind die Erstbesichtigung, <\/span><\/div>\n<div style=\"text-align: center;\" align=\"center\"><span class=\"text-class-3\">die Beratung und der Kostenvoranschlag.<br \/>\n<\/span><span class=\"text-class-1\"><span class=\"text-class-1\"><span class=\"text-class-1\"><br \/>\nF\u00fcr mein Gewerbe steht eine seri\u00f6se kunden- u. auch naturfreundliche Beratung an oberster Stelle.<br \/>\n<\/span><\/span><\/span><\/p>\n<div style=\"text-align: center;\" align=\"center\"><span class=\"text-class-3\">Optimale L\u00f6sung und optimales Ergebnis <\/span><span class=\"text-class-3\">&#8211; zu aller Zufriedenheit.<br \/>\n<\/span><\/div>\n<div style=\"text-align: center;\" align=\"center\"><\/div>\n<\/div>\n<\/div>\n<div align=\"center\"><span class=\"text-class-3\">GSCHWANDTNER Franz<\/span><\/div>\n<div align=\"center\">\n<div style=\"text-align: center;\" align=\"center\"><span class=\"text-class-3\">Tel. +43 664 47 59 59 4<\/span><\/div>\n<div style=\"text-align: center;\" align=\"center\"><span class=\"text-class-3\">Mitterzinkenweg 2<\/span><\/div>\n<div style=\"text-align: center;\" align=\"center\"><span class=\"text-class-3\">4820 Bad Ischl<br \/>\n<a title=\"salzkammergut@forst-gschwandtner.at\" href=\"mailto:salzkammergut@forst-gschwandtner.at\">salzkammergut@forst-gschwandtner.at<\/a><br \/>\n<\/span><\/div>\n<div style=\"text-align: center;\" align=\"center\"><\/div>\n<\/div>\n","protected":false},"excerpt":{"rendered":"<p>Gratis f\u00fcr Sie und Ihr \u201eAnliegen\u201c sind die Erstbesichtigung, die Beratung und der Kostenvoranschlag. F\u00fcr mein Gewerbe steht eine seri\u00f6se kunden- u. auch naturfreundliche Beratung an oberster Stelle. Optimale L\u00f6sung und optimales Ergebnis &#8211; zu aller Zufriedenheit. GSCHWANDTNER Franz Tel. +43 664 47 59 59 4 Mitterzinkenweg 2 4820 Bad Ischl salzkammergut@forst-gschwandtner.at<\/p>\n","protected":false},"author":1,"featured_media":0,"parent":0,"menu_order":0,"comment_status":"closed","ping_status":"closed","template":"","meta":{"footnotes":""},"_links":{"self":[{"href":"http:\/\/www.forst-gschwandtner.at\/index.php?rest_route=\/wp\/v2\/pages\/11"}],"collection":[{"href":"http:\/\/www.forst-gschwandtner.at\/index.php?rest_route=\/wp\/v2\/pages"}],"about":[{"href":"http:\/\/www.forst-gschwandtner.at\/index.php?rest_route=\/wp\/v2\/types\/page"}],"author":[{"embeddable":true,"href":"http:\/\/www.forst-gschwandtner.at\/index.php?rest_route=\/wp\/v2\/users\/1"}],"replies":[{"embeddable":true,"href":"http:\/\/www.forst-gschwandtner.at\/index.php?rest_route=%2Fwp%2Fv2%2Fcomments&post=11"}],"version-history":[{"count":14,"href":"http:\/\/www.forst-gschwandtner.at\/index.php?rest_route=\/wp\/v2\/pages\/11\/revisions"}],"predecessor-version":[{"id":372,"href":"http:\/\/www.forst-gschwandtner.at\/index.php?rest_route=\/wp\/v2\/pages\/11\/revisions\/372"}],"wp:attachment":[{"href":"http:\/\/www.forst-gschwandtner.at\/index.php?rest_route=%2Fwp%2Fv2%2Fmedia&parent=11"}],"curies":[{"name":"wp","href":"https:\/\/api.w.org\/{rel}","templated":true}]}}