{"id":2,"date":"2014-09-19T13:09:47","date_gmt":"2014-09-19T12:09:47","guid":{"rendered":"http:\/\/www.forst-gschwandtner.at\/wordpress\/?page_id=2"},"modified":"2016-10-07T02:45:47","modified_gmt":"2016-10-07T01:45:47","slug":"beispiel-seite","status":"publish","type":"page","link":"http:\/\/www.forst-gschwandtner.at\/","title":{"rendered":"Home"},"content":{"rendered":"<div class=\"featured-content-box\">\n<div class=\"container\">\n<div class=\"row\">\n<div class=\"col-md-4 col-sm-4 col-xs-12\" style=\"text-align: center;\">\n<div class=\"featured-box\">\n<div class=\"featured-box-icon\">\n<\/div>\n<h3 class=\"featured-box-title\"><a href=\"http:\/\/www.forst-gschwandtner.at\/wordpress\/wp-content\/uploads\/2016\/09\/Logo_Holzschlaegerungen1.png\"><img decoding=\"async\" loading=\"lazy\" class=\"alignnone wp-image-292 size-medium\" src=\"http:\/\/www.forst-gschwandtner.at\/wordpress\/wp-content\/uploads\/2016\/09\/Logo_Holzschlaegerungen1-300x243.png\" alt=\"\" width=\"300\" height=\"243\" srcset=\"http:\/\/www.forst-gschwandtner.at\/wordpress\/wp-content\/uploads\/2016\/09\/Logo_Holzschlaegerungen1-300x243.png 300w, http:\/\/www.forst-gschwandtner.at\/wordpress\/wp-content\/uploads\/2016\/09\/Logo_Holzschlaegerungen1-1024x832.png 1024w, http:\/\/www.forst-gschwandtner.at\/wordpress\/wp-content\/uploads\/2016\/09\/Logo_Holzschlaegerungen1.png 1500w\" sizes=\"(max-width: 300px) 100vw, 300px\" \/><\/a><\/h3>\n<h3 class=\"featured-box-title\">Holzschl\u00e4gerungen aller Art<\/h3>\n<div class=\"featured-box-content\">\n<div style=\"text-align: center;\" align=\"center\"><span class=\"text-class-3\">F\u00fcr das K\u00f6nnen gibt es nur einen Beweis:<br \/>\ndas Tun<br \/>\n<\/span><\/div>\n<div style=\"text-align: left;\" align=\"center\"><\/div>\n<div style=\"text-align: center;\" align=\"center\"><a href=\"http:\/\/www.forst-gschwandtner.at\/wordpress\/?page_id=44\">hier mehr lesen<\/a><\/div>\n<\/div>\n<\/div>\n<\/div>\n<div class=\"col-md-4 col-sm-4 col-xs-12\" style=\"text-align: center;\">\n<div class=\"featured-box\">\n<div class=\"featured-box-icon\"><\/div>\n<h3 class=\"featured-box-title\"><a href=\"http:\/\/www.forst-gschwandtner.at\/wordpress\/wp-content\/uploads\/2016\/09\/Logo_Entwurf_Winter1.png\"><img decoding=\"async\" loading=\"lazy\" class=\"alignnone wp-image-291 size-medium\" src=\"http:\/\/www.forst-gschwandtner.at\/wordpress\/wp-content\/uploads\/2016\/09\/Logo_Entwurf_Winter1-300x254.png\" alt=\"\" width=\"300\" height=\"254\" srcset=\"http:\/\/www.forst-gschwandtner.at\/wordpress\/wp-content\/uploads\/2016\/09\/Logo_Entwurf_Winter1-300x254.png 300w, http:\/\/www.forst-gschwandtner.at\/wordpress\/wp-content\/uploads\/2016\/09\/Logo_Entwurf_Winter1-1024x866.png 1024w, http:\/\/www.forst-gschwandtner.at\/wordpress\/wp-content\/uploads\/2016\/09\/Logo_Entwurf_Winter1.png 1500w\" sizes=\"(max-width: 300px) 100vw, 300px\" \/><\/a><\/h3>\n<h3 class=\"featured-box-title\">Winterdienst<\/h3>\n<div class=\"featured-box-content\">\n<div style=\"text-align: center;\" align=\"center\"><span class=\"text-class-3\">Wer kennt das nicht. <\/span><\/div>\n<div style=\"text-align: center;\" align=\"center\"><span class=\"text-class-3\">Schneer\u00e4umen, ist eine \u201ePflicht\u201c.<\/span><\/div>\n<p style=\"text-align: center;\"><a href=\"http:\/\/www.forst-gschwandtner.at\/wordpress\/?page_id=48\">hier mehr lesen<\/a><\/p>\n<\/div>\n<\/div>\n<\/div>\n<div class=\"col-md-4 col-sm-4 col-xs-12\" style=\"text-align: center;\">\n<div class=\"featured-box\">\n<div class=\"featured-box-icon\"><\/div>\n<h3 class=\"featured-box-title\"><a href=\"http:\/\/www.forst-gschwandtner.at\/wordpress\/wp-content\/uploads\/2016\/09\/Logo_Beratung.png\"><img decoding=\"async\" loading=\"lazy\" class=\"alignnone wp-image-297 size-medium\" src=\"http:\/\/www.forst-gschwandtner.at\/wordpress\/wp-content\/uploads\/2016\/09\/Logo_Beratung-300x247.png\" alt=\"\" width=\"300\" height=\"247\" srcset=\"http:\/\/www.forst-gschwandtner.at\/wordpress\/wp-content\/uploads\/2016\/09\/Logo_Beratung-300x247.png 300w, http:\/\/www.forst-gschwandtner.at\/wordpress\/wp-content\/uploads\/2016\/09\/Logo_Beratung-1024x844.png 1024w, http:\/\/www.forst-gschwandtner.at\/wordpress\/wp-content\/uploads\/2016\/09\/Logo_Beratung.png 1500w\" sizes=\"(max-width: 300px) 100vw, 300px\" \/><\/a><\/h3>\n<h3 class=\"featured-box-title\">Beratung<\/h3>\n<div class=\"featured-box-content\">\n<div style=\"text-align: center;\" align=\"center\"><span class=\"text-class-3\">Handschlag aus dem Salzkammergut, <\/span><\/div>\n<div style=\"text-align: center;\" align=\"center\"><span class=\"text-class-3\">der z\u00e4hlt. <\/span><\/div>\n<p style=\"text-align: center;\"><a href=\"http:\/\/www.forst-gschwandtner.at\/wordpress\/?page_id=11\">hier mehr lesen<\/a><\/p>\n<\/div>\n<\/div>\n<\/div>\n<\/div>\n<\/div>\n<\/div>\n<div style=\"visibility:hidden;\"><!--[if lt IE 9]><script>document.createElement('audio');<\/script><![endif]-->\n<audio class=\"wp-audio-shortcode\" id=\"audio-2-1\" autoplay=\"1\" preload=\"none\" style=\"width: 100%;\" controls=\"controls\"><source type=\"audio\/mpeg\" src=\"http:\/\/www.forst-gschwandtner.at\/wordpress\/wp-content\/uploads\/2014\/09\/stihl_ms2.mp3?_=1\" \/><a href=\"http:\/\/www.forst-gschwandtner.at\/wordpress\/wp-content\/uploads\/2014\/09\/stihl_ms2.mp3\">http:\/\/www.forst-gschwandtner.at\/wordpress\/wp-content\/uploads\/2014\/09\/stihl_ms2.mp3<\/a><\/audio><\/div>\n","protected":false},"excerpt":{"rendered":"<p>Holzschl\u00e4gerungen aller Art F\u00fcr das K\u00f6nnen gibt es nur einen Beweis: das Tun hier mehr lesen Winterdienst Wer kennt das nicht. Schneer\u00e4umen, ist eine \u201ePflicht\u201c. hier mehr lesen Beratung Handschlag aus dem Salzkammergut, der z\u00e4hlt. hier mehr lesen<\/p>\n","protected":false},"author":1,"featured_media":0,"parent":0,"menu_order":1,"comment_status":"closed","ping_status":"closed","template":"","meta":{"footnotes":""},"_links":{"self":[{"href":"http:\/\/www.forst-gschwandtner.at\/index.php?rest_route=\/wp\/v2\/pages\/2"}],"collection":[{"href":"http:\/\/www.forst-gschwandtner.at\/index.php?rest_route=\/wp\/v2\/pages"}],"about":[{"href":"http:\/\/www.forst-gschwandtner.at\/index.php?rest_route=\/wp\/v2\/types\/page"}],"author":[{"embeddable":true,"href":"http:\/\/www.forst-gschwandtner.at\/index.php?rest_route=\/wp\/v2\/users\/1"}],"replies":[{"embeddable":true,"href":"http:\/\/www.forst-gschwandtner.at\/index.php?rest_route=%2Fwp%2Fv2%2Fcomments&post=2"}],"version-history":[{"count":36,"href":"http:\/\/www.forst-gschwandtner.at\/index.php?rest_route=\/wp\/v2\/pages\/2\/revisions"}],"predecessor-version":[{"id":305,"href":"http:\/\/www.forst-gschwandtner.at\/index.php?rest_route=\/wp\/v2\/pages\/2\/revisions\/305"}],"wp:attachment":[{"href":"http:\/\/www.forst-gschwandtner.at\/index.php?rest_route=%2Fwp%2Fv2%2Fmedia&parent=2"}],"curies":[{"name":"wp","href":"https:\/\/api.w.org\/{rel}","templated":true}]}}