{"id":48,"date":"2016-07-05T15:21:06","date_gmt":"2016-07-05T14:21:06","guid":{"rendered":"http:\/\/www.forst-gschwandtner.at\/wordpress\/?page_id=48"},"modified":"2017-01-07T08:42:32","modified_gmt":"2017-01-07T07:42:32","slug":"winterdienst","status":"publish","type":"page","link":"http:\/\/www.forst-gschwandtner.at\/?page_id=48","title":{"rendered":"Winterdienst"},"content":{"rendered":"<p style=\"text-align: center;\"><a href=\"http:\/\/www.forst-gschwandtner.at\/wordpress\/wp-content\/uploads\/2016\/09\/Logo_Entwurf_Winter.png\"><img decoding=\"async\" loading=\"lazy\" class=\"alignnone wp-image-245 size-medium\" src=\"http:\/\/www.forst-gschwandtner.at\/wordpress\/wp-content\/uploads\/2016\/09\/Logo_Entwurf_Winter-300x295.png\" alt=\"\" width=\"300\" height=\"295\" srcset=\"http:\/\/www.forst-gschwandtner.at\/wordpress\/wp-content\/uploads\/2016\/09\/Logo_Entwurf_Winter-300x295.png 300w, http:\/\/www.forst-gschwandtner.at\/wordpress\/wp-content\/uploads\/2016\/09\/Logo_Entwurf_Winter.png 587w\" sizes=\"(max-width: 300px) 100vw, 300px\" \/><\/a><\/p>\n<div align=\"center\">\n<p>Wer kennt das nicht.<br \/>\nSchneer\u00e4umen, ist eine \u201ePflicht\u201c.<\/p>\n<p>Sie suchen einen zuverl\u00e4ssigen und kompetenten Partner.<br \/>\nGut. Dann sind Sie hier genau richtig.<\/p>\n<p>Wir R\u00e4umen und Streuen sie alle \u2013 Gehwege, Parkpl\u00e4tze, Gewerbe- und Industrieanlagen, Wohn- und Mietsh\u00e4user,<br \/>\nGesch\u00e4fte, Garagenein- u. abfahrten\u00a0usw.<\/p>\n<p>Bei Bedarf auch Schneeabtransport.<\/p>\n<p>Pl\u00f6tzlicher Wintereinbruch im Salzkammergut &#8211; keine Seltenheit.<\/p>\n<p>Von November bis M\u00e4rz stehen Ihnen unsere Dienstleistungen zur Verf\u00fcgung.<\/p>\n<p>24 Stunden t\u00e4glich, 7 Tage die Woche einsatzbereit.<\/p>\n<\/div>\n<p style=\"text-align: center;\">\n","protected":false},"excerpt":{"rendered":"<p>Wer kennt das nicht. Schneer\u00e4umen, ist eine \u201ePflicht\u201c. Sie suchen einen zuverl\u00e4ssigen und kompetenten Partner. Gut. Dann sind Sie hier genau richtig. Wir R\u00e4umen und Streuen sie alle \u2013 Gehwege, Parkpl\u00e4tze, Gewerbe- und Industrieanlagen, Wohn- und Mietsh\u00e4user, Gesch\u00e4fte, Garagenein- u. abfahrten\u00a0usw. Bei Bedarf auch Schneeabtransport. Pl\u00f6tzlicher Wintereinbruch im Salzkammergut &#8211; keine Seltenheit. Von November bis [&hellip;]<\/p>\n","protected":false},"author":2,"featured_media":6,"parent":0,"menu_order":0,"comment_status":"closed","ping_status":"closed","template":"","meta":{"footnotes":""},"_links":{"self":[{"href":"http:\/\/www.forst-gschwandtner.at\/index.php?rest_route=\/wp\/v2\/pages\/48"}],"collection":[{"href":"http:\/\/www.forst-gschwandtner.at\/index.php?rest_route=\/wp\/v2\/pages"}],"about":[{"href":"http:\/\/www.forst-gschwandtner.at\/index.php?rest_route=\/wp\/v2\/types\/page"}],"author":[{"embeddable":true,"href":"http:\/\/www.forst-gschwandtner.at\/index.php?rest_route=\/wp\/v2\/users\/2"}],"replies":[{"embeddable":true,"href":"http:\/\/www.forst-gschwandtner.at\/index.php?rest_route=%2Fwp%2Fv2%2Fcomments&post=48"}],"version-history":[{"count":14,"href":"http:\/\/www.forst-gschwandtner.at\/index.php?rest_route=\/wp\/v2\/pages\/48\/revisions"}],"predecessor-version":[{"id":352,"href":"http:\/\/www.forst-gschwandtner.at\/index.php?rest_route=\/wp\/v2\/pages\/48\/revisions\/352"}],"wp:featuredmedia":[{"embeddable":true,"href":"http:\/\/www.forst-gschwandtner.at\/index.php?rest_route=\/wp\/v2\/media\/6"}],"wp:attachment":[{"href":"http:\/\/www.forst-gschwandtner.at\/index.php?rest_route=%2Fwp%2Fv2%2Fmedia&parent=48"}],"curies":[{"name":"wp","href":"https:\/\/api.w.org\/{rel}","templated":true}]}}